{"id":313,"date":"2022-12-19T21:03:02","date_gmt":"2022-12-19T21:03:02","guid":{"rendered":"https:\/\/biodanzastockholm.com\/?page_id=313"},"modified":"2026-03-28T11:37:44","modified_gmt":"2026-03-28T11:37:44","slug":"biodanza-for-organisationer-foretag-institutioner","status":"publish","type":"page","link":"https:\/\/biodanzastockholm.com\/index.php\/biodanza-for-organisationer-foretag-institutioner\/","title":{"rendered":"Biodanza f\u00f6r f\u00f6retag och organisationer"},"content":{"rendered":"\n<blockquote class=\"wp-block-quote is-layout-flow wp-block-quote-is-layout-flow\">\n<h2 class=\"wp-block-heading\"><strong>\u2013 St\u00e4rk organisationen genom m\u00e4nsklig potential och h\u00e5llbar h\u00e4lsa<\/strong><\/h2>\n<\/blockquote>\n\n\n\n<p>I dagens arbetsliv r\u00e4cker det inte med teknisk kompetens.<br>Framg\u00e5ngsrika organisationer bygger p\u00e5 tillit, samarbete och emotionell intelligens.<br>Biodanza \u00e4r en metod f\u00f6r att utveckla den m\u00e4nskliga faktorn \u2013 en avg\u00f6rande resurs f\u00f6r v\u00e4lm\u00e5ende, kreativitet och h\u00e5llbara resultat.<\/p>\n\n\n\n<h2 class=\"wp-block-heading\"><strong>V\u00e5rt m\u00e5l<\/strong><\/h2>\n\n\n\n<p>V\u00e5rt m\u00e5l \u00e4r att st\u00e4rka b\u00e5de individen och organisationen som helhet.<br>Genom att arbeta med m\u00e4nsklig potential fr\u00e4mjar vi en kultur av:<\/p>\n\n\n\n<ul class=\"wp-block-list\">\n<li>Empati<\/li>\n\n\n\n<li>n\u00e4rvaro<\/li>\n\n\n\n<li>aktivt lyssnande<\/li>\n\n\n\n<li>tydlig och respektfull kommunikation<\/li>\n<\/ul>\n\n\n\n<h2 class=\"wp-block-heading\"><strong>Metod<\/strong><\/h2>\n\n\n\n<p> Vi arbetar i en upplevelsebaserad process d\u00e4r teori och praktik integreras.<br>Genom musik, r\u00f6relse och guidade \u00f6vningar skapas ett l\u00e4rande som upplevs \u2013 inte bara f\u00f6rst\u00e5s.<br>Varje uppl\u00e4gg anpassas efter organisationens behov, m\u00e5l och sammanhang \u2013 fr\u00e5n mindre team till hela verksamheter.<\/p>\n\n\n\n<h2 class=\"wp-block-heading\"><strong>Effekter f\u00f6r organisationen<\/strong><\/h2>\n\n\n\n<p><strong>H\u00e5llbart ledarskap<\/strong><br>\u00d6kad sj\u00e4lvtillit, ansvarstagande och f\u00f6rm\u00e5ga att m\u00f6ta f\u00f6r\u00e4ndring<br><strong>Starkare teamk\u00e4nsla<\/strong><br>F\u00f6rdjupat f\u00f6rtroende, b\u00e4ttre samarbete och smidigare integration<br><strong>\u00d6kad kreativitet och innovation<\/strong><br>N\u00e4r stress minskar frig\u00f6rs energi, initiativ och nya perspektiv<br><strong>H\u00e4lsa och arbetsmilj\u00f6<\/strong><br>Minskad stress, \u00f6kat v\u00e4lbefinnande och st\u00e4rkt motivation<\/p>\n\n\n\n<hr class=\"wp-block-separator has-alpha-channel-opacity\"\/>\n\n\n\n<h2 class=\"wp-block-heading\"><strong>Investera i er viktigaste kapital <\/strong><\/h2>\n\n\n\n<p>N\u00e4r m\u00e4nniskor m\u00e5r bra, fungerar organisationen b\u00e4ttre.Biodanza bidrar till ett arbetsklimat pr\u00e4glat av engagemang, arbetsgl\u00e4dje och m\u00e4nsklig n\u00e4rvaro.<\/p>\n\n\n\n<h2 class=\"wp-block-heading\"><strong>Vill ni veta mer?<\/strong><\/h2>\n\n\n\n<p>Kontakta oss f\u00f6r ett skr\u00e4ddarsytt uppl\u00e4gg f\u00f6r konferens, teambuilding eller friskv\u00e5rdsinsats.<\/p>\n\n\n\n<p class=\"has-text-align-center\"><br>\ud83d\udce7 <strong>biodanza.stockholm@live.com<\/strong><\/p>\n\n\n\n<p class=\"has-text-align-center has-medium-font-size\"><strong><em>Vi bjuder in er f\u00f6r att m\u00f6tas, komma p\u00e5 den b\u00e4sta designen f\u00f6r er grupp<\/em>.<\/strong><\/p>\n\n\n\n<figure class=\"wp-block-image aligncenter\"><img loading=\"lazy\" decoding=\"async\" width=\"640\" height=\"480\" src=\"https:\/\/biodanzastockholm.com\/wp-content\/uploads\/2022\/12\/2021-08-15-e1695640564218.jpg\" alt=\"\" class=\"wp-image-326\" srcset=\"https:\/\/biodanzastockholm.com\/wp-content\/uploads\/2022\/12\/2021-08-15-e1695640564218.jpg 640w, https:\/\/biodanzastockholm.com\/wp-content\/uploads\/2022\/12\/2021-08-15-e1695640564218-300x225.jpg 300w\" sizes=\"auto, (max-width: 640px) 100vw, 640px\" \/><\/figure>\n\n\n\n<p><\/p>\n","protected":false},"excerpt":{"rendered":"<p>\u2013 St\u00e4rk organisationen genom m\u00e4nsklig potential och h\u00e5llbar h\u00e4lsa I dagens arbetsliv r\u00e4cker det inte med teknisk kompetens.Framg\u00e5ngsrika organisationer bygger p\u00e5 tillit, samarbete och emotionell intelligens.Biodanza \u00e4r en metod f\u00f6r att utveckla den m\u00e4nskliga faktorn \u2013 en avg\u00f6rande resurs f\u00f6r v\u00e4lm\u00e5ende, kreativitet och h\u00e5llbara resultat. V\u00e5rt m\u00e5l V\u00e5rt m\u00e5l \u00e4r att st\u00e4rka b\u00e5de individen och &hellip; <\/p>\n<p class=\"link-more\"><a href=\"https:\/\/biodanzastockholm.com\/index.php\/biodanza-for-organisationer-foretag-institutioner\/\" class=\"more-link\">Read more<span class=\"screen-reader-text\"> &#8220;Biodanza f\u00f6r f\u00f6retag och organisationer&#8221;<\/span><\/a><\/p>\n","protected":false},"author":1,"featured_media":0,"parent":0,"menu_order":0,"comment_status":"closed","ping_status":"closed","template":"","meta":{"footnotes":""},"class_list":["post-313","page","type-page","status-publish","hentry"],"jetpack_sharing_enabled":true,"_links":{"self":[{"href":"https:\/\/biodanzastockholm.com\/index.php\/wp-json\/wp\/v2\/pages\/313","targetHints":{"allow":["GET"]}}],"collection":[{"href":"https:\/\/biodanzastockholm.com\/index.php\/wp-json\/wp\/v2\/pages"}],"about":[{"href":"https:\/\/biodanzastockholm.com\/index.php\/wp-json\/wp\/v2\/types\/page"}],"author":[{"embeddable":true,"href":"https:\/\/biodanzastockholm.com\/index.php\/wp-json\/wp\/v2\/users\/1"}],"replies":[{"embeddable":true,"href":"https:\/\/biodanzastockholm.com\/index.php\/wp-json\/wp\/v2\/comments?post=313"}],"version-history":[{"count":19,"href":"https:\/\/biodanzastockholm.com\/index.php\/wp-json\/wp\/v2\/pages\/313\/revisions"}],"predecessor-version":[{"id":883,"href":"https:\/\/biodanzastockholm.com\/index.php\/wp-json\/wp\/v2\/pages\/313\/revisions\/883"}],"wp:attachment":[{"href":"https:\/\/biodanzastockholm.com\/index.php\/wp-json\/wp\/v2\/media?parent=313"}],"curies":[{"name":"wp","href":"https:\/\/api.w.org\/{rel}","templated":true}]}}