{"id":54,"date":"2022-07-20T18:06:33","date_gmt":"2022-07-20T18:06:33","guid":{"rendered":"https:\/\/biodanzastockholm.com\/?page_id=54"},"modified":"2026-02-04T12:12:33","modified_gmt":"2026-02-04T12:12:33","slug":"biodanza-skolan","status":"publish","type":"page","link":"https:\/\/biodanzastockholm.com\/index.php\/biodanza-skolan\/","title":{"rendered":"Biodanza Skolan i Stokholm"},"content":{"rendered":"\n<h2 class=\"wp-block-heading\"><em>Biodanza Stockholm Skola SRT<\/em><\/h2>\n\n\n\n<div class=\"wp-block-columns is-layout-flex wp-container-core-columns-is-layout-28f84493 wp-block-columns-is-layout-flex\">\n<div class=\"wp-block-column is-layout-flow wp-block-column-is-layout-flow\">\n<blockquote class=\"wp-block-quote is-layout-flow wp-block-quote-is-layout-flow\">\n<h2 class=\"wp-block-heading has-text-align-left\">UTBILDNING TILL DIPLOMERAD FACILITATOR<\/h2>\n<\/blockquote>\n\n\n\n<p><strong>NY UTBILDNINGSCYKEL STARTAR SEPTEMBER 2026<\/strong> Nu har vi \u00f6ppnat registreringen till v\u00e5r unika utbildning f\u00f6r att bli diplomerad facilitator i Biodanza. Detta \u00e4r den tredje utbildningscykeln vid skolan och den enda i sitt slag i Sverige.<\/p>\n\n\n\n<hr class=\"wp-block-separator has-alpha-channel-opacity\"\/>\n\n\n\n<p><strong>OM UTBILDNINGEN<\/strong> Biodanza \u00e4r en internationellt erk\u00e4nd metod d\u00e4r musik, r\u00f6relse och m\u00f6ten f\u00f6renas i ett holistiskt system f\u00f6r m\u00e4nsklig utveckling. V\u00e5r utbildning lockar yrkesverksamma fr\u00e5n m\u00e5nga f\u00e4lt \u2013 psykologer, l\u00e4kare, socialarbetare, konstn\u00e4rer och forskare \u2013 s\u00e5v\u00e4l som nyfikna individer som s\u00f6ker en djupare kontakt med livet.<\/p>\n\n\n\n<p>Metoden m\u00f6jligg\u00f6r f\u00f6r m\u00e4nniskor att komma i kontakt med sina inneboende m\u00f6jligheter att uttrycka sig och m\u00f6ta sig sj\u00e4lva och andra genuint.<\/p>\n\n\n\n<hr class=\"wp-block-separator has-alpha-channel-opacity\"\/>\n\n\n\n<p><strong>PROVA EN UTBILDNINGSHELG<\/strong> Vi v\u00e4lkomnar dig att prova p\u00e5 en helgmodul under det f\u00f6rsta utbildnings\u00e5ret. Vi tr\u00e4ffas en g\u00e5ng i m\u00e5naden f\u00f6r att tillsammans utforska dansens och musikens h\u00e4lsofr\u00e4mjande aspekter genom helgmodulernas olika teman.<\/p>\n\n\n\n<hr class=\"wp-block-separator has-alpha-channel-opacity\"\/>\n\n\n\n<p><strong>INFORMATION OCH ANM\u00c4LAN<\/strong> Kontakta oss f\u00f6r detaljerad information g\u00e4llande:<\/p>\n\n\n\n<ul class=\"wp-block-list\">\n<li>Aktuella priser och betalningsplaner<\/li>\n\n\n\n<li>Datum f\u00f6r h\u00f6stens moduler<\/li>\n\n\n\n<li>Plats och lokaler p\u00e5 S\u00f6dermalm<\/li>\n<\/ul>\n\n\n\n<p class=\"has-text-align-left\">E-post: <strong>biodanza.stockholm@live.com<\/strong><\/p>\n<\/div>\n\n\n\n<div class=\"wp-block-column is-layout-flow wp-block-column-is-layout-flow\">\n<figure class=\"wp-block-image aligncenter size-large is-resized\"><img loading=\"lazy\" decoding=\"async\" width=\"461\" height=\"1024\" src=\"https:\/\/biodanzastockholm.com\/wp-content\/uploads\/2025\/02\/IMG_20230402_104729-461x1024.jpg\" alt=\"\" class=\"wp-image-696\" style=\"aspect-ratio:0.4502000341290457;width:351px;height:auto\" srcset=\"https:\/\/biodanzastockholm.com\/wp-content\/uploads\/2025\/02\/IMG_20230402_104729-461x1024.jpg 461w, https:\/\/biodanzastockholm.com\/wp-content\/uploads\/2025\/02\/IMG_20230402_104729-135x300.jpg 135w, https:\/\/biodanzastockholm.com\/wp-content\/uploads\/2025\/02\/IMG_20230402_104729-scaled.jpg 1152w\" sizes=\"auto, (max-width: 461px) 100vw, 461px\" \/><\/figure>\n<\/div>\n<\/div>\n\n\n\n<figure class=\"wp-block-image alignfull size-large\"><img loading=\"lazy\" decoding=\"async\" width=\"1024\" height=\"429\" src=\"https:\/\/biodanzastockholm.com\/wp-content\/uploads\/2025\/02\/Untitled_1.54.1-1024x429.jpg\" alt=\"\" class=\"wp-image-557\" srcset=\"https:\/\/biodanzastockholm.com\/wp-content\/uploads\/2025\/02\/Untitled_1.54.1-1024x429.jpg 1024w, https:\/\/biodanzastockholm.com\/wp-content\/uploads\/2025\/02\/Untitled_1.54.1-300x126.jpg 300w, https:\/\/biodanzastockholm.com\/wp-content\/uploads\/2025\/02\/Untitled_1.54.1-2000x838.jpg 2000w\" sizes=\"auto, (max-width: 1024px) 100vw, 1024px\" \/><\/figure>\n\n\n\n<blockquote class=\"wp-block-quote is-layout-flow wp-block-quote-is-layout-flow\">\n<h2 class=\"wp-block-heading\"><strong>Utbildningen \u00e4r certifierad av Internationella Biodanza skolan.<\/strong><\/h2>\n<\/blockquote>\n\n\n\n<p><strong>Pris<\/strong>&#8211; Varje modul kostar 2000 kr. Du kan reserverar din plats genom att betala i f\u00f6rskott 1000 kr i bankgiro nummer 5193-4057<\/p>\n\n\n\n<p><strong>Plats<\/strong>-Biodanza l\u00e4rarutbildning sker p\u00e5 Subtopia, ett centrum f\u00f6r konst, kultur och socialt engagemang s\u00f6der om Stockholm, i Botkyrka kommun<\/p>\n\n\n\n<blockquote class=\"wp-block-quote is-layout-flow wp-block-quote-is-layout-flow\">\n<h3 class=\"wp-block-heading\"><strong>UTBILDNINGSPROGRAM | BIODANZA L\u00c4RARUTBILDNING<\/strong><\/h3>\n<\/blockquote>\n\n\n\n<p>Utbildningsprogrammet best\u00e5r av trettio moduler som genomf\u00f6rs under en helg per m\u00e5nad. Totalt omfattar utbildningen cirka tre \u00e5r.<\/p>\n\n\n\n<ol start=\"1\" class=\"wp-block-list\">\n<li>Definition och teoretisk modell f\u00f6r Biodanza<\/li>\n\n\n\n<li>Den biocentriska principen och det levande omedvetna<\/li>\n\n\n\n<li>Vivencia \u2013 Den levda upplevelsen<\/li>\n\n\n\n<li>Biodanzas biologiska aspekter<\/li>\n\n\n\n<li>Biodanzas fysiologiska aspekter<\/li>\n\n\n\n<li>Biodanzas psykologiska aspekter<\/li>\n\n\n\n<li>Mytomspunna och filosofiska f\u00f6reg\u00e5ngare till Biodanza<\/li>\n\n\n\n<li>Identitet och integration<\/li>\n\n\n\n<li>Trans och regression<\/li>\n\n\n\n<li>Kontakt och ber\u00f6ring<\/li>\n\n\n\n<li>M\u00e4nsklig r\u00f6relse<\/li>\n\n\n\n<li>Vitalitet<\/li>\n\n\n\n<li>Sexualitet<\/li>\n\n\n\n<li>Kreativitet<\/li>\n\n\n\n<li>Affektivitet<\/li>\n\n\n\n<li>Transcendens<\/li>\n\n\n\n<li>Verkningsmekanismer i Biodanza<\/li>\n\n\n\n<li>Till\u00e4mpningar och utvidgningar av Biodanza<\/li>\n\n\n\n<li>Biodanza Ars Magna<\/li>\n\n\n\n<li>Biodanza och social handling<\/li>\n\n\n\n<li>Musiken i Biodanza<\/li>\n\n\n\n<li>Metodik I (Musikalisk semantik)<\/li>\n\n\n\n<li>Metodik II (Biodanza-sessionen)<\/li>\n\n\n\n<li>Metodik III (Biodanza-sessionen forts.)<\/li>\n\n\n\n<li>Metodik IV (Veckokurser och f\u00f6rdjupningssteg)<\/li>\n\n\n\n<li>Metodik V (Biodanza-gruppen)<\/li>\n\n\n\n<li>Metodik VI (Utv\u00e4rdering av utveckling inom Biodanza)<\/li>\n\n\n\n<li>Metodik VII (Officiell lista \u00f6ver Biodanza-\u00f6vningar)<\/li>\n\n\n\n<li>Seminarium I<\/li>\n\n\n\n<li>Seminarium II<\/li>\n<\/ol>\n\n\n\n<hr class=\"wp-block-separator has-alpha-channel-opacity\"\/>\n\n\n\n<blockquote class=\"wp-block-quote is-layout-flow wp-block-quote-is-layout-flow\">\n<h2 class=\"wp-block-heading\"><strong>SAMMANFATTNING<\/strong><\/h2>\n<\/blockquote>\n\n\n\n<p>Biodanza-utbildningen str\u00e4cker sig \u00f6ver tre \u00e5r och omfattar 28 moduler samt tv\u00e5 seminarier om teoretiska \u00e4mnen relaterade till Biodanza-systemet. Varje utbildningshelg inkluderar tre teoretiska lektioner (baserade p\u00e5 material av Rolando Toro) och fyra vivencia-pass.<\/p>\n\n\n\n<p>F\u00f6r att erh\u00e5lla diplom kr\u00e4vs en teoretisk rapport efter varje modul, praktik under handledning fr\u00e5n och med det tredje \u00e5ret, samt presentation av en monografi.<\/p>\n\n\n\n<p><strong>1. Teoretiska studier<\/strong> Studier av Biodanzas teori och dess grunder kopplat till livsvetenskap. \u00c4mnena f\u00f6ljer den internationella l\u00e4roplanen. Studenter presenterar en kort rapport efter varje modul f\u00f6r att tr\u00e4na f\u00f6rm\u00e5gan att uttrycka Biodanzas koncept p\u00e5 ett personligt och korrekt s\u00e4tt.<\/p>\n\n\n\n<p><strong>2. Seminarier och f\u00f6rel\u00e4sningar<\/strong> Dessa omfattar f\u00f6rdjupning i relaterade \u00e4mnen och h\u00e5lls av specialister eller studentteam.<\/p>\n\n\n\n<p><strong>3. F\u00f6rdjupning av Vivencia<\/strong> Stor vikt l\u00e4ggs vid relationen mellan vivencia och teori. Det \u00e4r obligatoriskt att delta i en veckogrupp i Biodanza f\u00f6r att f\u00f6rdjupa den egna upplevelsen. Om l\u00e4rare saknas p\u00e5 hemorten rekommenderas deltagande i vivencia-workshops minst varannan m\u00e5nad.<\/p>\n\n\n\n<p><strong>4. Metodik<\/strong> Sju moduler fokuserar p\u00e5 det pedagogiska och metodologiska arbetet med att leda grupper, i syfte att f\u00f6rbereda studenten f\u00f6r yrkesrollen.<\/p>\n\n\n\n<p><strong>5. Praktik (Internship)<\/strong> Praktiken inneb\u00e4r att leda en veckogrupp under handledning. Minst \u00e5tta handledda sessioner (tv\u00e5 timmar vardera) kr\u00e4vs. Praktiken f\u00e5r p\u00e5b\u00f6rjas efter godk\u00e4nnande av skolans rektor.<\/p>\n\n\n\n<p><strong>6. Social verksamhet<\/strong> Studenter har m\u00f6jlighet att genomf\u00f6ra sociala projekt genom att erbjuda Biodanza till exempelvis \u00e4ldreomsorg, barnr\u00e4ttsorganisationer eller utsatta grupper.<\/p>\n\n\n\n<p><strong>7. Monografi<\/strong> Framtagande av ett examensarbete om en teoretisk eller praktisk aspekt av Biodanza under handledning av en l\u00e4rare.<\/p>\n\n\n\n<p><strong>8. Examen<\/strong> Presentation av monografin inf\u00f6r en kommitt\u00e9 organiserad av skolan. Vid godk\u00e4nt resultat blir studenten diplomerad Biodanza-l\u00e4rare.<\/p>\n\n\n\n<p><strong>9. Licensiering<\/strong> Efter examen registreras l\u00e4raren hos International Biocentric Federation (IBF) och erh\u00e5ller ett professionellt registreringsnummer.<\/p>\n\n\n\n<hr class=\"wp-block-separator has-alpha-channel-opacity\"\/>\n\n\n\n<blockquote class=\"wp-block-quote is-layout-flow wp-block-quote-is-layout-flow\">\n<h3 class=\"wp-block-heading\"><strong>ANTAGNINGSKRAV<\/strong><\/h3>\n<\/blockquote>\n\n\n\n<ol start=\"1\" class=\"wp-block-list\">\n<li>Regelbundet deltagande i en veckogrupp ledd av en diplomerad l\u00e4rare.<\/li>\n\n\n\n<li>Utbildningsniv\u00e5: Avslutad gymnasieutbildning (undantag kan g\u00f6ras i s\u00e4rskilda fall).<\/li>\n\n\n\n<li>God f\u00f6rm\u00e5ga att integrera Biodanzas etiska principer.<\/li>\n<\/ol>\n\n\n\n<div class=\"wp-block-group has-global-padding is-layout-constrained wp-block-group-is-layout-constrained\">\n<p class=\"has-medium-font-size\"><strong>N\u00e5gra av v\u00e5ra g\u00e4stl\u00e4rarna<\/strong>:<\/p>\n\n\n\n<figure class=\"wp-block-image size-large is-resized\"><img loading=\"lazy\" decoding=\"async\" width=\"1024\" height=\"576\" src=\"https:\/\/biodanzastockholm.com\/wp-content\/uploads\/2025\/02\/image-1024x576.png\" alt=\"\" class=\"wp-image-627\" style=\"width:525px;height:auto\" srcset=\"https:\/\/biodanzastockholm.com\/wp-content\/uploads\/2025\/02\/image-1024x576.png 1024w, https:\/\/biodanzastockholm.com\/wp-content\/uploads\/2025\/02\/image-300x169.png 300w, https:\/\/biodanzastockholm.com\/wp-content\/uploads\/2025\/02\/image.png 1280w\" sizes=\"auto, (max-width: 1024px) 100vw, 1024px\" \/><\/figure>\n\n\n\n<figure class=\"wp-block-image size-full is-resized\"><img loading=\"lazy\" decoding=\"async\" width=\"960\" height=\"720\" src=\"https:\/\/biodanzastockholm.com\/wp-content\/uploads\/2025\/02\/image-8.png\" alt=\"\" class=\"wp-image-641\" style=\"width:530px;height:auto\" srcset=\"https:\/\/biodanzastockholm.com\/wp-content\/uploads\/2025\/02\/image-8.png 960w, https:\/\/biodanzastockholm.com\/wp-content\/uploads\/2025\/02\/image-8-300x225.png 300w\" sizes=\"auto, (max-width: 960px) 100vw, 960px\" \/><\/figure>\n\n\n\n<figure class=\"wp-block-image size-large is-resized\"><img loading=\"lazy\" decoding=\"async\" width=\"1024\" height=\"561\" src=\"https:\/\/biodanzastockholm.com\/wp-content\/uploads\/2022\/12\/IMG_20221214_195650-2-1024x561.jpg\" alt=\"\" class=\"wp-image-304\" style=\"width:522px;height:286px\" srcset=\"https:\/\/biodanzastockholm.com\/wp-content\/uploads\/2022\/12\/IMG_20221214_195650-2-1024x561.jpg 1024w, https:\/\/biodanzastockholm.com\/wp-content\/uploads\/2022\/12\/IMG_20221214_195650-2-300x164.jpg 300w, https:\/\/biodanzastockholm.com\/wp-content\/uploads\/2022\/12\/IMG_20221214_195650-2-768x421.jpg 768w, https:\/\/biodanzastockholm.com\/wp-content\/uploads\/2022\/12\/IMG_20221214_195650-2.jpg 1265w\" sizes=\"auto, (max-width: 1024px) 100vw, 1024px\" \/><\/figure>\n<\/div>\n\n\n\n<p><\/p>\n\n\n\n<figure class=\"wp-block-image size-full is-resized\"><img loading=\"lazy\" decoding=\"async\" width=\"964\" height=\"528\" src=\"https:\/\/biodanzastockholm.com\/wp-content\/uploads\/2023\/03\/IMG_20230301_104839_165.jpg\" alt=\"\" class=\"wp-image-373\" style=\"width:540px;height:296px\" srcset=\"https:\/\/biodanzastockholm.com\/wp-content\/uploads\/2023\/03\/IMG_20230301_104839_165.jpg 964w, https:\/\/biodanzastockholm.com\/wp-content\/uploads\/2023\/03\/IMG_20230301_104839_165-300x164.jpg 300w, https:\/\/biodanzastockholm.com\/wp-content\/uploads\/2023\/03\/IMG_20230301_104839_165-768x421.jpg 768w\" sizes=\"auto, (max-width: 964px) 100vw, 964px\" \/><\/figure>\n\n\n\n<figure class=\"wp-block-image size-full is-resized\"><img loading=\"lazy\" decoding=\"async\" width=\"785\" height=\"448\" src=\"https:\/\/biodanzastockholm.com\/wp-content\/uploads\/2023\/09\/FB_IMG_1695639510418.jpg\" alt=\"\" class=\"wp-image-413\" style=\"width:557px;height:318px\" srcset=\"https:\/\/biodanzastockholm.com\/wp-content\/uploads\/2023\/09\/FB_IMG_1695639510418.jpg 785w, https:\/\/biodanzastockholm.com\/wp-content\/uploads\/2023\/09\/FB_IMG_1695639510418-300x171.jpg 300w, https:\/\/biodanzastockholm.com\/wp-content\/uploads\/2023\/09\/FB_IMG_1695639510418-768x438.jpg 768w\" sizes=\"auto, (max-width: 785px) 100vw, 785px\" \/><\/figure>\n\n\n\n<figure class=\"wp-block-image size-full is-resized\"><img loading=\"lazy\" decoding=\"async\" width=\"960\" height=\"540\" src=\"https:\/\/biodanzastockholm.com\/wp-content\/uploads\/2023\/09\/FB_IMG_1695639559444.jpg\" alt=\"\" class=\"wp-image-414\" style=\"aspect-ratio:1.7801857585139318;width:561px;height:auto\" srcset=\"https:\/\/biodanzastockholm.com\/wp-content\/uploads\/2023\/09\/FB_IMG_1695639559444.jpg 960w, https:\/\/biodanzastockholm.com\/wp-content\/uploads\/2023\/09\/FB_IMG_1695639559444-300x169.jpg 300w, https:\/\/biodanzastockholm.com\/wp-content\/uploads\/2023\/09\/FB_IMG_1695639559444-768x432.jpg 768w\" sizes=\"auto, (max-width: 960px) 100vw, 960px\" \/><\/figure>\n\n\n\n<figure class=\"wp-block-image size-full is-resized\"><img loading=\"lazy\" decoding=\"async\" width=\"960\" height=\"720\" src=\"https:\/\/biodanzastockholm.com\/wp-content\/uploads\/2025\/02\/image-1.png\" alt=\"\" class=\"wp-image-628\" style=\"width:559px;height:auto\" srcset=\"https:\/\/biodanzastockholm.com\/wp-content\/uploads\/2025\/02\/image-1.png 960w, https:\/\/biodanzastockholm.com\/wp-content\/uploads\/2025\/02\/image-1-300x225.png 300w\" sizes=\"auto, (max-width: 960px) 100vw, 960px\" \/><\/figure>\n\n\n\n<figure class=\"wp-block-image size-full is-resized\"><img loading=\"lazy\" decoding=\"async\" width=\"613\" height=\"613\" src=\"https:\/\/biodanzastockholm.com\/wp-content\/uploads\/2025\/02\/image-7.png\" alt=\"\" class=\"wp-image-640\" style=\"width:566px;height:auto\" srcset=\"https:\/\/biodanzastockholm.com\/wp-content\/uploads\/2025\/02\/image-7.png 613w, https:\/\/biodanzastockholm.com\/wp-content\/uploads\/2025\/02\/image-7-300x300.png 300w, https:\/\/biodanzastockholm.com\/wp-content\/uploads\/2025\/02\/image-7-150x150.png 150w\" sizes=\"auto, (max-width: 613px) 100vw, 613px\" \/><\/figure>\n\n\n\n<h3 class=\"wp-block-heading\"><\/h3>\n\n\n\n<blockquote class=\"wp-block-quote is-layout-flow wp-block-quote-is-layout-flow\">\n<p>Dans, R\u00f6relse, H\u00e4lsa, Pedagogik, Terapi, Integration<\/p>\n<\/blockquote>\n\n\n\n<p><\/p>\n","protected":false},"excerpt":{"rendered":"<p>Biodanza Stockholm Skola SRT UTBILDNING TILL DIPLOMERAD FACILITATOR NY UTBILDNINGSCYKEL STARTAR SEPTEMBER 2026 Nu har vi \u00f6ppnat registreringen till v\u00e5r unika utbildning f\u00f6r att bli diplomerad facilitator i Biodanza. Detta \u00e4r den tredje utbildningscykeln vid skolan och den enda i sitt slag i Sverige. OM UTBILDNINGEN Biodanza \u00e4r en internationellt erk\u00e4nd metod d\u00e4r musik, r\u00f6relse &hellip; <\/p>\n<p class=\"link-more\"><a href=\"https:\/\/biodanzastockholm.com\/index.php\/biodanza-skolan\/\" class=\"more-link\">Read more<span class=\"screen-reader-text\"> &#8220;Biodanza Skolan i Stokholm&#8221;<\/span><\/a><\/p>\n","protected":false},"author":1,"featured_media":495,"parent":0,"menu_order":0,"comment_status":"closed","ping_status":"closed","template":"","meta":{"footnotes":""},"class_list":["post-54","page","type-page","status-publish","has-post-thumbnail","hentry"],"jetpack_sharing_enabled":true,"_links":{"self":[{"href":"https:\/\/biodanzastockholm.com\/index.php\/wp-json\/wp\/v2\/pages\/54","targetHints":{"allow":["GET"]}}],"collection":[{"href":"https:\/\/biodanzastockholm.com\/index.php\/wp-json\/wp\/v2\/pages"}],"about":[{"href":"https:\/\/biodanzastockholm.com\/index.php\/wp-json\/wp\/v2\/types\/page"}],"author":[{"embeddable":true,"href":"https:\/\/biodanzastockholm.com\/index.php\/wp-json\/wp\/v2\/users\/1"}],"replies":[{"embeddable":true,"href":"https:\/\/biodanzastockholm.com\/index.php\/wp-json\/wp\/v2\/comments?post=54"}],"version-history":[{"count":43,"href":"https:\/\/biodanzastockholm.com\/index.php\/wp-json\/wp\/v2\/pages\/54\/revisions"}],"predecessor-version":[{"id":762,"href":"https:\/\/biodanzastockholm.com\/index.php\/wp-json\/wp\/v2\/pages\/54\/revisions\/762"}],"wp:featuredmedia":[{"embeddable":true,"href":"https:\/\/biodanzastockholm.com\/index.php\/wp-json\/wp\/v2\/media\/495"}],"wp:attachment":[{"href":"https:\/\/biodanzastockholm.com\/index.php\/wp-json\/wp\/v2\/media?parent=54"}],"curies":[{"name":"wp","href":"https:\/\/api.w.org\/{rel}","templated":true}]}}