{"id":580,"date":"2025-02-24T19:34:46","date_gmt":"2025-02-24T19:34:46","guid":{"rendered":"https:\/\/biodanzastockholm.com\/?page_id=580"},"modified":"2026-03-28T12:15:38","modified_gmt":"2026-03-28T12:15:38","slug":"fredags-kurs","status":"publish","type":"page","link":"https:\/\/biodanzastockholm.com\/index.php\/fredags-kurs\/","title":{"rendered":"Fredagskurser Prova-p\u00e5"},"content":{"rendered":"<h2 style=\"text-align: center;\"><span style=\"color: #800080;\">Prova-p\u00e5 specielt priss <\/span><\/h2>\n<h2 style=\"text-align: center;\"><span style=\"color: #800080;\">grundkurs 100 kr \/ f\u00f6rdjupningskurs 150 kr.<\/span><\/h2>\n<hr data-path-to-node=\"3\" \/>\n<h4><span style=\"color: #993366;\"><strong>ANM\u00c4LAN: <\/strong><\/span>Anm\u00e4l dig till kursen eller boka en prova-p\u00e5 genom att skicka ett meddelande med f\u00f6r- och efternamn till: biodanza.stockholm@live.com<\/h4>\n<hr data-path-to-node=\"5\" \/>\n<h4><strong><span style=\"color: #993366;\">PLATS <\/span><\/strong>S.M.A.C. S\u00f6dermalm \u00c5s\u00f6gatan 153<\/h4>\n<hr data-path-to-node=\"7\" \/>\n<h4 data-path-to-node=\"8\"><strong><span style=\"color: #993366;\">GRUNDKURS <\/span><\/strong>Tid: 17:00 \u2013 18:15<\/h4>\n<h4 data-path-to-node=\"9\"><span style=\"color: #993366;\"><strong>Period 1: <\/strong><\/span><\/h4>\n<h4 data-path-to-node=\"9\">23 jan \u2013 28 Mars| Pris: 2 063 kr<\/h4>\n<h4 data-path-to-node=\"9\"><span style=\"color: #993366;\"><strong>Period 2: <\/strong><\/span><\/h4>\n<h4 data-path-to-node=\"9\">10apr \u2013 12 jun | Pris: 2 063 kr<\/h4>\n<h4 data-path-to-node=\"10\">Drop-in: 220 kr\u00a0<\/h4>\n<hr data-path-to-node=\"11\" \/>\n<h4 data-path-to-node=\"12\"><span style=\"color: #993366;\"><b data-path-to-node=\"12\" data-index-in-node=\"0\">F\u00d6RDJUPNINGSKURS<\/b> <\/span>Tid: 18:30 \u2013 20:30<\/h4>\n<h4 data-path-to-node=\"13\"><span style=\"color: #993366;\"><strong>Period 1: <\/strong><\/span><\/h4>\n<h4 data-path-to-node=\"13\">23 jan \u2013\u00a0 \u00a027 Mars \/ Pris: 3 300 kr<\/h4>\n<h4 data-path-to-node=\"13\"><span style=\"color: #993366;\"><strong>Period 2: <\/strong><\/span><\/h4>\n<h4 data-path-to-node=\"13\">10 apr \u2013 12 jun | Pris: 3 300 kr<\/h4>\n<h4 data-path-to-node=\"14\">Drop-in: 350 kr\u00a0<\/h4>\n<hr data-path-to-node=\"15\" \/>\n<h4 data-path-to-node=\"16\"><span style=\"color: #993366;\"><b data-path-to-node=\"16\" data-index-in-node=\"0\">INFORMATION<\/b> <\/span>Specialpris finns tillg\u00e4ngligt f\u00f6r dig som \u00f6nskar delta men befinner dig i en sv\u00e5r ekonomisk situation. V\u00e4nligen kontakta oss f\u00f6r mer information.<\/h4>\n<hr \/>\n<h4 style=\"text-align: center;\" data-path-to-node=\"17\"><strong><em>Efter sessionen samlas vi p\u00e5 en bar i n\u00e4romr\u00e5det f\u00f6r en trevlig stund tillsammans. <\/em><\/strong><\/h4>\n<p style=\"text-align: center;\" data-path-to-node=\"17\"><strong><em>Vi h\u00e4lsar dig varmt v\u00e4lkommen att umg\u00e5s med oss.<\/em><\/strong><\/p>\n\n\n<div class=\"wp-block-cover is-light\"><img loading=\"lazy\" decoding=\"async\" width=\"843\" height=\"562\" class=\"wp-block-cover__image-background wp-image-855 size-full\" alt=\"\" src=\"https:\/\/biodanzastockholm.com\/wp-content\/uploads\/2026\/03\/Screenshot_2023-07-23-21-49-05-605-edit_com.google.android.apps_.docs_.editors.slides.jpg\" data-object-fit=\"cover\" srcset=\"https:\/\/biodanzastockholm.com\/wp-content\/uploads\/2026\/03\/Screenshot_2023-07-23-21-49-05-605-edit_com.google.android.apps_.docs_.editors.slides.jpg 843w, https:\/\/biodanzastockholm.com\/wp-content\/uploads\/2026\/03\/Screenshot_2023-07-23-21-49-05-605-edit_com.google.android.apps_.docs_.editors.slides-300x200.jpg 300w\" sizes=\"auto, (max-width: 843px) 100vw, 843px\" \/><span aria-hidden=\"true\" class=\"wp-block-cover__background has-background-dim\" style=\"background-color:#b88f75\"><\/span><div class=\"wp-block-cover__inner-container is-layout-flow wp-block-cover-is-layout-flow\">\n<p class=\"has-text-align-center has-large-font-size\"><\/p>\n<\/div><\/div>\n\n\n\n<p>B\u00e4sta <strong>minner<\/strong> efter Biodanza sessioner!!<\/p>\n\n\n\n<figure class=\"wp-block-gallery has-nested-images columns-default is-cropped wp-block-gallery-1 is-layout-flex wp-block-gallery-is-layout-flex\">\n<figure class=\"wp-block-image size-large\"><img loading=\"lazy\" decoding=\"async\" width=\"960\" height=\"540\" data-id=\"646\" src=\"https:\/\/biodanzastockholm.com\/wp-content\/uploads\/2025\/02\/image-10.png\" alt=\"\" class=\"wp-image-646\" srcset=\"https:\/\/biodanzastockholm.com\/wp-content\/uploads\/2025\/02\/image-10.png 960w, https:\/\/biodanzastockholm.com\/wp-content\/uploads\/2025\/02\/image-10-300x169.png 300w\" sizes=\"auto, (max-width: 960px) 100vw, 960px\" \/><\/figure>\n<\/figure>\n\n\n\n<figure class=\"wp-block-gallery has-nested-images columns-default is-cropped wp-block-gallery-2 is-layout-flex wp-block-gallery-is-layout-flex\">\n<figure class=\"wp-block-image size-large\"><img loading=\"lazy\" decoding=\"async\" width=\"960\" height=\"540\" data-id=\"712\" src=\"https:\/\/biodanzastockholm.com\/wp-content\/uploads\/2025\/02\/2021-08-1514.jpg\" alt=\"\" class=\"wp-image-712\" srcset=\"https:\/\/biodanzastockholm.com\/wp-content\/uploads\/2025\/02\/2021-08-1514.jpg 960w, https:\/\/biodanzastockholm.com\/wp-content\/uploads\/2025\/02\/2021-08-1514-300x169.jpg 300w\" sizes=\"auto, (max-width: 960px) 100vw, 960px\" \/><\/figure>\n<\/figure>\n\n\n\n<figure class=\"wp-block-gallery has-nested-images columns-default is-cropped wp-block-gallery-3 is-layout-flex wp-block-gallery-is-layout-flex\">\n<figure class=\"wp-block-image size-large\"><img loading=\"lazy\" decoding=\"async\" width=\"1024\" height=\"576\" data-id=\"714\" src=\"https:\/\/biodanzastockholm.com\/wp-content\/uploads\/2025\/02\/IMG_0867-1024x576.jpg\" alt=\"\" class=\"wp-image-714\" srcset=\"https:\/\/biodanzastockholm.com\/wp-content\/uploads\/2025\/02\/IMG_0867-1024x576.jpg 1024w, https:\/\/biodanzastockholm.com\/wp-content\/uploads\/2025\/02\/IMG_0867-300x169.jpg 300w, https:\/\/biodanzastockholm.com\/wp-content\/uploads\/2025\/02\/IMG_0867-2000x1125.jpg 2000w, https:\/\/biodanzastockholm.com\/wp-content\/uploads\/2025\/02\/IMG_0867.jpg 2048w\" sizes=\"auto, (max-width: 1024px) 100vw, 1024px\" \/><\/figure>\n\n\n\n<figure class=\"wp-block-image size-large\"><img loading=\"lazy\" decoding=\"async\" width=\"492\" height=\"1024\" data-id=\"713\" src=\"https:\/\/biodanzastockholm.com\/wp-content\/uploads\/2025\/02\/110191504_287868379215467_508697506027934209_n-492x1024.jpg\" alt=\"\" class=\"wp-image-713\" srcset=\"https:\/\/biodanzastockholm.com\/wp-content\/uploads\/2025\/02\/110191504_287868379215467_508697506027934209_n-492x1024.jpg 492w, https:\/\/biodanzastockholm.com\/wp-content\/uploads\/2025\/02\/110191504_287868379215467_508697506027934209_n-144x300.jpg 144w, https:\/\/biodanzastockholm.com\/wp-content\/uploads\/2025\/02\/110191504_287868379215467_508697506027934209_n.jpg 984w\" sizes=\"auto, (max-width: 492px) 100vw, 492px\" \/><\/figure>\n\n\n\n<figure class=\"wp-block-image size-large\"><img loading=\"lazy\" decoding=\"async\" width=\"1024\" height=\"768\" data-id=\"715\" src=\"https:\/\/biodanzastockholm.com\/wp-content\/uploads\/2025\/02\/IMG_0868-1024x768.jpg\" alt=\"\" class=\"wp-image-715\" srcset=\"https:\/\/biodanzastockholm.com\/wp-content\/uploads\/2025\/02\/IMG_0868-1024x768.jpg 1024w, https:\/\/biodanzastockholm.com\/wp-content\/uploads\/2025\/02\/IMG_0868-300x225.jpg 300w, https:\/\/biodanzastockholm.com\/wp-content\/uploads\/2025\/02\/IMG_0868.jpg 1280w\" sizes=\"auto, (max-width: 1024px) 100vw, 1024px\" \/><\/figure>\n<\/figure>\n\n\n\n<figure class=\"wp-block-gallery has-nested-images columns-default is-cropped wp-block-gallery-4 is-layout-flex wp-block-gallery-is-layout-flex\">\n<figure class=\"wp-block-image size-full\"><img loading=\"lazy\" decoding=\"async\" width=\"720\" height=\"404\" data-id=\"723\" src=\"https:\/\/biodanzastockholm.com\/wp-content\/uploads\/2025\/02\/2021-08-151.jpg\" alt=\"\" class=\"wp-image-723\" srcset=\"https:\/\/biodanzastockholm.com\/wp-content\/uploads\/2025\/02\/2021-08-151.jpg 720w, https:\/\/biodanzastockholm.com\/wp-content\/uploads\/2025\/02\/2021-08-151-300x168.jpg 300w\" sizes=\"auto, (max-width: 720px) 100vw, 720px\" \/><\/figure>\n\n\n\n<figure class=\"wp-block-image size-full\"><img loading=\"lazy\" decoding=\"async\" width=\"960\" height=\"540\" data-id=\"722\" src=\"https:\/\/biodanzastockholm.com\/wp-content\/uploads\/2025\/02\/2021-08-1519-1.jpg\" alt=\"\" class=\"wp-image-722\" srcset=\"https:\/\/biodanzastockholm.com\/wp-content\/uploads\/2025\/02\/2021-08-1519-1.jpg 960w, https:\/\/biodanzastockholm.com\/wp-content\/uploads\/2025\/02\/2021-08-1519-1-300x169.jpg 300w\" sizes=\"auto, (max-width: 960px) 100vw, 960px\" \/><\/figure>\n\n\n\n<figure class=\"wp-block-image size-large\"><img loading=\"lazy\" decoding=\"async\" width=\"1024\" height=\"461\" data-id=\"720\" src=\"https:\/\/biodanzastockholm.com\/wp-content\/uploads\/2025\/02\/IMG_20230407_215230-1-1024x461.jpg\" alt=\"\" class=\"wp-image-720\" srcset=\"https:\/\/biodanzastockholm.com\/wp-content\/uploads\/2025\/02\/IMG_20230407_215230-1-1024x461.jpg 1024w, https:\/\/biodanzastockholm.com\/wp-content\/uploads\/2025\/02\/IMG_20230407_215230-1-300x135.jpg 300w, https:\/\/biodanzastockholm.com\/wp-content\/uploads\/2025\/02\/IMG_20230407_215230-1-2000x900.jpg 2000w\" sizes=\"auto, (max-width: 1024px) 100vw, 1024px\" \/><\/figure>\n<\/figure>\n\n\n\n<figure class=\"wp-block-gallery has-nested-images columns-default is-cropped wp-block-gallery-5 is-layout-flex wp-block-gallery-is-layout-flex\">\n<figure class=\"wp-block-image size-full\"><img loading=\"lazy\" decoding=\"async\" width=\"719\" height=\"425\" data-id=\"856\" src=\"https:\/\/biodanzastockholm.com\/wp-content\/uploads\/2026\/03\/IMG_20251207_013548.jpg\" alt=\"\" class=\"wp-image-856\" srcset=\"https:\/\/biodanzastockholm.com\/wp-content\/uploads\/2026\/03\/IMG_20251207_013548.jpg 719w, https:\/\/biodanzastockholm.com\/wp-content\/uploads\/2026\/03\/IMG_20251207_013548-300x177.jpg 300w\" sizes=\"auto, (max-width: 719px) 100vw, 719px\" \/><\/figure>\n\n\n\n<figure class=\"wp-block-image size-large\"><img loading=\"lazy\" decoding=\"async\" width=\"1024\" height=\"576\" data-id=\"899\" src=\"https:\/\/biodanzastockholm.com\/wp-content\/uploads\/2026\/03\/20180111_191149-1024x576.jpg\" alt=\"\" class=\"wp-image-899\" srcset=\"https:\/\/biodanzastockholm.com\/wp-content\/uploads\/2026\/03\/20180111_191149-1024x576.jpg 1024w, https:\/\/biodanzastockholm.com\/wp-content\/uploads\/2026\/03\/20180111_191149-300x169.jpg 300w, https:\/\/biodanzastockholm.com\/wp-content\/uploads\/2026\/03\/20180111_191149-2000x1125.jpg 2000w\" sizes=\"auto, (max-width: 1024px) 100vw, 1024px\" \/><\/figure>\n<\/figure>\n\n\n\n<figure class=\"wp-block-gallery has-nested-images columns-default is-cropped wp-block-gallery-6 is-layout-flex wp-block-gallery-is-layout-flex\">\n<figure class=\"wp-block-image size-large\"><img loading=\"lazy\" decoding=\"async\" width=\"1024\" height=\"768\" data-id=\"891\" src=\"https:\/\/biodanzastockholm.com\/wp-content\/uploads\/2026\/03\/IMG-20190204-WA0016.jpg\" alt=\"\" class=\"wp-image-891\" srcset=\"https:\/\/biodanzastockholm.com\/wp-content\/uploads\/2026\/03\/IMG-20190204-WA0016.jpg 1024w, https:\/\/biodanzastockholm.com\/wp-content\/uploads\/2026\/03\/IMG-20190204-WA0016-300x225.jpg 300w\" sizes=\"auto, (max-width: 1024px) 100vw, 1024px\" \/><\/figure>\n<\/figure>\n\n\n\n<figure class=\"wp-block-gallery has-nested-images columns-default is-cropped wp-block-gallery-7 is-layout-flex wp-block-gallery-is-layout-flex\">\n<figure class=\"wp-block-image size-large\"><img loading=\"lazy\" decoding=\"async\" width=\"1024\" height=\"768\" data-id=\"894\" src=\"https:\/\/biodanzastockholm.com\/wp-content\/uploads\/2026\/03\/20181201_1244091-2-1024x768.jpg\" alt=\"\" class=\"wp-image-894\" srcset=\"https:\/\/biodanzastockholm.com\/wp-content\/uploads\/2026\/03\/20181201_1244091-2-1024x768.jpg 1024w, https:\/\/biodanzastockholm.com\/wp-content\/uploads\/2026\/03\/20181201_1244091-2-300x225.jpg 300w, https:\/\/biodanzastockholm.com\/wp-content\/uploads\/2026\/03\/20181201_1244091-2-2000x1500.jpg 2000w\" sizes=\"auto, (max-width: 1024px) 100vw, 1024px\" \/><\/figure>\n\n\n<\/figure>\n\n\n\n<figure class=\"wp-block-gallery has-nested-images columns-default is-cropped wp-block-gallery-8 is-layout-flex wp-block-gallery-is-layout-flex\">\n<figure class=\"wp-block-image size-large\"><img loading=\"lazy\" decoding=\"async\" width=\"1024\" height=\"629\" data-id=\"898\" src=\"https:\/\/biodanzastockholm.com\/wp-content\/uploads\/2026\/03\/20171201_094617-1024x629.jpg\" alt=\"\" class=\"wp-image-898\" srcset=\"https:\/\/biodanzastockholm.com\/wp-content\/uploads\/2026\/03\/20171201_094617-1024x629.jpg 1024w, https:\/\/biodanzastockholm.com\/wp-content\/uploads\/2026\/03\/20171201_094617-300x184.jpg 300w, https:\/\/biodanzastockholm.com\/wp-content\/uploads\/2026\/03\/20171201_094617-2000x1228.jpg 2000w\" sizes=\"auto, (max-width: 1024px) 100vw, 1024px\" \/><\/figure>\n<\/figure>\n","protected":false},"excerpt":{"rendered":"<p>Prova-p\u00e5 specielt priss grundkurs 100 kr \/ f\u00f6rdjupningskurs 150 kr. ANM\u00c4LAN: Anm\u00e4l dig till kursen eller boka en prova-p\u00e5 genom att skicka ett meddelande med f\u00f6r- och efternamn till: biodanza.stockholm@live.com PLATS S.M.A.C. S\u00f6dermalm \u00c5s\u00f6gatan 153 GRUNDKURS Tid: 17:00 \u2013 18:15 Period 1: 23 jan \u2013 28 Mars| Pris: 2 063 kr Period 2: 10apr \u2013 &hellip; <\/p>\n<p class=\"link-more\"><a href=\"https:\/\/biodanzastockholm.com\/index.php\/fredags-kurs\/\" class=\"more-link\">Read more<span class=\"screen-reader-text\"> &#8220;Fredagskurser Prova-p\u00e5&#8221;<\/span><\/a><\/p>\n","protected":false},"author":1,"featured_media":0,"parent":0,"menu_order":0,"comment_status":"closed","ping_status":"closed","template":"","meta":{"footnotes":""},"class_list":["post-580","page","type-page","status-publish","hentry"],"jetpack_sharing_enabled":true,"_links":{"self":[{"href":"https:\/\/biodanzastockholm.com\/index.php\/wp-json\/wp\/v2\/pages\/580","targetHints":{"allow":["GET"]}}],"collection":[{"href":"https:\/\/biodanzastockholm.com\/index.php\/wp-json\/wp\/v2\/pages"}],"about":[{"href":"https:\/\/biodanzastockholm.com\/index.php\/wp-json\/wp\/v2\/types\/page"}],"author":[{"embeddable":true,"href":"https:\/\/biodanzastockholm.com\/index.php\/wp-json\/wp\/v2\/users\/1"}],"replies":[{"embeddable":true,"href":"https:\/\/biodanzastockholm.com\/index.php\/wp-json\/wp\/v2\/comments?post=580"}],"version-history":[{"count":34,"href":"https:\/\/biodanzastockholm.com\/index.php\/wp-json\/wp\/v2\/pages\/580\/revisions"}],"predecessor-version":[{"id":902,"href":"https:\/\/biodanzastockholm.com\/index.php\/wp-json\/wp\/v2\/pages\/580\/revisions\/902"}],"wp:attachment":[{"href":"https:\/\/biodanzastockholm.com\/index.php\/wp-json\/wp\/v2\/media?parent=580"}],"curies":[{"name":"wp","href":"https:\/\/api.w.org\/{rel}","templated":true}]}}